{"id":5113,"date":"2018-05-08T10:40:34","date_gmt":"2018-05-08T09:40:34","guid":{"rendered":"http:\/\/www.dragracingeurope.eu\/edrs\/?page_id=5113"},"modified":"2021-11-19T13:24:52","modified_gmt":"2021-11-19T12:24:52","slug":"photo-galleries-2018","status":"publish","type":"page","link":"https:\/\/www.dragracingeurope.eu\/edrs\/photo-galleries-2018\/","title":{"rendered":"GALLERY 2018"},"content":{"rendered":"<p><a href=\"http:\/\/www.dragracingeurope.eu\/edrs\/vargarda-nationals-5-may-11-12-2018\/\"><b>V\u00e5rg\u00e5rda Nationals 5, May 11-12<\/b><\/a><\/p>\n<p><a href=\"http:\/\/www.dragracingeurope.eu\/edrs\/5265-2\/\"><b>Spring Open, Tallhed May 19-20<\/b><\/a><\/p>\n<p><a href=\"http:\/\/www.dragracingeurope.eu\/edrs\/edrs-1-malmo-2018\/\"><b>EDRS 1, Malm\u00f6,&nbsp;<\/b><b>May 19-20<\/b><\/a><\/p>\n<p><a href=\"http:\/\/www.dragracingeurope.eu\/edrs\/spring-nats-gardermoen-may-2018\/\"><b>Spring Nat\u00b4s ,Gardermoen&nbsp;<\/b><b>May 19-20<\/b><\/a><\/p>\n<p><a href=\"http:\/\/www.dragracingeurope.eu\/edrs\/5276-2\/\"><b>FHRA&nbsp;SM1, Motopark May 19-20<\/b><\/a><\/p>\n<p><a href=\"http:\/\/www.dragracingeurope.eu\/edrs\/tierp-internationals-june-7-10\/\"><b>Tierp&nbsp;Internationals, June 7-10<\/b><\/a><\/p>\n<p><a href=\"http:\/\/www.dragracingeurope.eu\/edrs\/fhra-sm2-alastaro-june-16-17-2018\/\"><b>FHRA&nbsp;SM2, Alastaro&nbsp;June&nbsp;16-17<\/b><\/a><\/p>\n<p><b>M<a href=\"http:\/\/www.dragracingeurope.eu\/edrs\/5934-2\/\">idsummer Festival 2018, Tallhed June 22-24<\/a><\/b><\/p>\n<p><a href=\"http:\/\/www.dragracingeurope.eu\/edrs\/fhra-nitro-nationals-1june-28july-2018\/\"><b>FHRA Nitro Nationals 2018, June 28-July 1<\/b><\/a><\/p>\n<p><a href=\"http:\/\/www.dragracingeurope.eu\/edrs\/sundsvall-1-june-28-july-1-2018\/\"><b>Sundsvall 1, June 28- July 1 2018<\/b><\/a><\/p>\n<p><a href=\"http:\/\/www.dragracingeurope.eu\/edrs\/5934-2\/\"><b>Midnight Sun Dragfestival 2018, Pite\u00e5 July <\/b><\/a><b>6-8<\/b><\/p>\n<p><a href=\"http:\/\/www.dragracingeurope.eu\/edrs\/hapsaalus-july-7-8-2018\/\"><b>Hapsaalus, July 7-8 20<\/b><\/a><b>18<\/b><\/p>\n<p><a href=\"http:\/\/www.dragracingeurope.eu\/edrs\/5849-2\/\"><strong>Goldtown Summer Nats 2018, July 13-14<\/strong><\/a><\/p>\n<p><a href=\"http:\/\/www.dragracingeurope.eu\/edrs\/gardermoen-july-26-29-2018\/\"><b>Gardermoen&nbsp;July<\/b><b>&nbsp;26-29<\/b><\/a><\/p>\n<p><a href=\"http:\/\/www.dragracingeurope.eu\/edrs\/5955-2\/\"><b>Mantorp Drag Revival<\/b> <b>&nbsp;July 27-29 2018<\/b><\/a><\/p>\n<p><a href=\"http:\/\/www.dragracingeurope.eu\/edrs\/autumn-open-2018-tallhed-august-4-5\/\"><b>Autumn Open 2018, Tallhed, August 4-5<\/b><\/a><\/p>\n<p><a href=\"http:\/\/www.dragracingeurope.eu\/edrs\/sundsvall-2-august-10-12-2018\/\"><b>Sundsvall 2, August 10-12 2018<\/b><\/a><\/p>\n<p><a href=\"http:\/\/www.dragracingeurope.eu\/edrs\/fhra-sm4-kauhava-lsk-august-11-12-2018\/\"><strong>FHRA <b>SM4&nbsp;<\/b>Kauhava LSK, August 11-12<\/strong><\/a><\/p>\n<p><a href=\"http:\/\/www.dragracingeurope.eu\/edrs\/linde-open-august-18-19-2018\/\"><strong>Linde Open, August 18-19 2018<\/strong><\/a><\/p>\n<p><a href=\"http:\/\/www.dragracingeurope.eu\/edrs\/6379-2\/\">Summit Racing Equipment Internationals 2018 23-26 Aug&nbsp;<\/a><\/p>\n<p><b>Mosten Race Day, August 31-Sept 1<\/b><\/p>\n<p><strong>FHRA&nbsp;<b>SM Final&nbsp;<\/b>Kauhava LSK, <b>August 31-Sept 1<\/b><\/strong><\/p>\n<p><a href=\"http:\/\/www.dragracingeurope.eu\/edrs\/malmo-sept-7-9-2018\/\"><b>Malm\u00f6,&nbsp;<\/b><b>Sept 7-9<\/b><\/a><\/p>\n<p><a href=\"http:\/\/www.dragracingeurope.eu\/edrs\/gardermoen-edrs-finals-sept-14-16-2018\/\"><strong>Gardermoen EDRS Finals Sept 14-16 2018<\/strong><\/a><\/p>\n<p><a href=\"http:\/\/www.dragracingeurope.eu\/edrs\/racestar-night-of-fire-2018-tierp-sept-22-23\/\"><b>RaceStar Night Of Fire 2018, Tierp, Sept 22-23<\/b><\/a><\/p>\n<p><strong><a href=\"http:\/\/www.dragracingeurope.eu\/edrs\/6650-2\/\">Summmit Racing EDRS Banquet 2018<\/a><\/strong><\/p>\n","protected":false},"excerpt":{"rendered":"<p>V\u00e5rg\u00e5rda Nationals 5, May 11-12 Spring Open, Tallhed May 19-20 EDRS 1, Malm\u00f6,&nbsp;May 19-20 Spring Nat\u00b4s ,Gardermoen&nbsp;May 19-20 FHRA&nbsp;SM1, Motopark May 19-20 Tierp&nbsp;Internationals, June 7-10 FHRA&nbsp;SM2, Alastaro&nbsp;June&nbsp;16-17 Midsummer Festival 2018, Tallhed June 22-24 FHRA Nitro Nationals 2018, June 28-July 1 Sundsvall 1, June 28- July 1 2018 Midnight Sun Dragfestival 2018, Pite\u00e5 July 6-8 Hapsaalus, [&hellip;]<\/p>\n","protected":false},"author":7,"featured_media":0,"parent":0,"menu_order":0,"comment_status":"closed","ping_status":"closed","template":"","meta":{"footnotes":""},"_links":{"self":[{"href":"https:\/\/www.dragracingeurope.eu\/edrs\/wp-json\/wp\/v2\/pages\/5113"}],"collection":[{"href":"https:\/\/www.dragracingeurope.eu\/edrs\/wp-json\/wp\/v2\/pages"}],"about":[{"href":"https:\/\/www.dragracingeurope.eu\/edrs\/wp-json\/wp\/v2\/types\/page"}],"author":[{"embeddable":true,"href":"https:\/\/www.dragracingeurope.eu\/edrs\/wp-json\/wp\/v2\/users\/7"}],"replies":[{"embeddable":true,"href":"https:\/\/www.dragracingeurope.eu\/edrs\/wp-json\/wp\/v2\/comments?post=5113"}],"version-history":[{"count":35,"href":"https:\/\/www.dragracingeurope.eu\/edrs\/wp-json\/wp\/v2\/pages\/5113\/revisions"}],"predecessor-version":[{"id":10024,"href":"https:\/\/www.dragracingeurope.eu\/edrs\/wp-json\/wp\/v2\/pages\/5113\/revisions\/10024"}],"wp:attachment":[{"href":"https:\/\/www.dragracingeurope.eu\/edrs\/wp-json\/wp\/v2\/media?parent=5113"}],"curies":[{"name":"wp","href":"https:\/\/api.w.org\/{rel}","templated":true}]}}