{"id":4818,"date":"2018-02-22T12:58:36","date_gmt":"2018-02-22T11:58:36","guid":{"rendered":"http:\/\/www.dragracingeurope.eu\/edrs\/?page_id=4818"},"modified":"2018-05-09T14:57:55","modified_gmt":"2018-05-09T13:57:55","slug":"summit-racing-super-series-pro-et-super-pro-et-svensk-text","status":"publish","type":"page","link":"https:\/\/www.dragracingeurope.eu\/edrs\/summit-racing-super-series-pro-et-super-pro-et-svensk-text\/","title":{"rendered":"Summit Racing Super Series Pro ET &#038; Super Pro ET (svensk text)"},"content":{"rendered":"<p><a href=\"http:\/\/www.dragracingeurope.eu\/edrs\/wp-content\/uploads\/sites\/4\/2018\/02\/Pro-ET-Super-Series-logo-1.jpg\"><img decoding=\"async\" class=\"size-medium wp-image-4778 alignleft\" src=\"http:\/\/www.dragracingeurope.eu\/edrs\/wp-content\/uploads\/sites\/4\/2018\/02\/Pro-ET-Super-Series-logo-1-300x86.jpg\" alt=\"\" width=\"300\" height=\"86\" srcset=\"https:\/\/www.dragracingeurope.eu\/edrs\/wp-content\/uploads\/sites\/4\/2018\/02\/Pro-ET-Super-Series-logo-1-300x86.jpg 300w, https:\/\/www.dragracingeurope.eu\/edrs\/wp-content\/uploads\/sites\/4\/2018\/02\/Pro-ET-Super-Series-logo-1-768x220.jpg 768w, https:\/\/www.dragracingeurope.eu\/edrs\/wp-content\/uploads\/sites\/4\/2018\/02\/Pro-ET-Super-Series-logo-1.jpg 1011w\" sizes=\"(max-width: 300px) 100vw, 300px\" \/><\/a><\/p>\n<p><span style=\"color: #0000ff;\"><em><a href=\"http:\/\/www.dragracingeurope.eu\/edrs\/wp-content\/uploads\/sites\/4\/2018\/02\/Super-Pro-ET-Super-Series-logo.jpg\"><img decoding=\"async\" class=\"size-medium wp-image-4775 alignleft\" src=\"http:\/\/www.dragracingeurope.eu\/edrs\/wp-content\/uploads\/sites\/4\/2018\/02\/Super-Pro-ET-Super-Series-logo-300x90.jpg\" alt=\"\" width=\"300\" height=\"90\" srcset=\"https:\/\/www.dragracingeurope.eu\/edrs\/wp-content\/uploads\/sites\/4\/2018\/02\/Super-Pro-ET-Super-Series-logo-300x90.jpg 300w, https:\/\/www.dragracingeurope.eu\/edrs\/wp-content\/uploads\/sites\/4\/2018\/02\/Super-Pro-ET-Super-Series-logo-768x229.jpg 768w, https:\/\/www.dragracingeurope.eu\/edrs\/wp-content\/uploads\/sites\/4\/2018\/02\/Super-Pro-ET-Super-Series-logo.jpg 1014w\" sizes=\"(max-width: 300px) 100vw, 300px\" \/><\/a><\/em><\/span><\/p>\n<p>&nbsp;<\/p>\n<p>&nbsp;<\/p>\n<p>&nbsp;<\/p>\n<p><span style=\"color: #0000ff;\"><em>(OBS! Detta \u00e4r en \u00f6vers\u00e4ttning av originaldokumentet som \u00e4r p\u00e5 engelska. Vid ev. mots\u00e4gande uppgifter, s\u00e5 har den engelska versionen tolkningsf\u00f6retr\u00e4de.)<\/em><\/span><\/p>\n<p><strong>Med den etablerade Summit Racing EDRS Series som bas, introducerar Summit Racing och Speedgroup ett nytt \u00a0\u201cserie i serien\u201d-koncept f\u00f6r bilklasserna Pro ET och Super Pro ET 2108. Kvalificerings-t\u00e4vlingar k\u00f6rs under maj \u2013 augusti p\u00e5 ett antal banor i fyra l\u00e4nder och avslutas med en shoot-out final p\u00e5 Tierp Arena 23-26 augusti. L\u00e4s noggrant igenom detta dokument f\u00f6r att f\u00e5 n\u00e4rmare information. <\/strong> Ban-champions fr\u00e5n 13 (Pro ET ) resp. 9 (Super Pro ET) deltagande banor har r\u00e4tt att delta i finalt\u00e4vlingen som h\u00e5lls p\u00e5 Sveriges nationalarena f\u00f6r dragracing, Tierp Arena den 23-26 augusti. P\u00e5 finalt\u00e4vlingen ges de f\u00f6rkvalificerade deltagarna m\u00f6jligheten att t\u00e4vla mot varandra om s\u00e5v\u00e4l \u00e4ran, som pokaler och prispengar tillhandah\u00e5llna av Summit Racing!<\/p>\n<p><em><span style=\"color: #0000ff;\">B\u00e5de Summit Racing EDRS Series och Summit Racing Pro ET\/Super Pro ET Super Series administreras av Speedgroup, p\u00e5 kontrakt med Summit Racing Equipment och med de lokala t\u00e4vlingsarrang\u00f6rerna. <\/span><\/em><\/p>\n<p><span style=\"color: #0000ff;\"><strong>ALLM\u00c4NT :<\/strong><\/span><\/p>\n<ul>\n<li>Detta koncept g\u00e4ller f\u00f6r klasserna Pro ET och Super Pro ET 2018 och med samma klassregler som g\u00e4ller f\u00f6r Summit Racing EDRS Series.<\/li>\n<li>De t\u00e4vlande betalar startavgift och el, precis som vanligt f\u00f6r deltagande i n\u00e5gon av de kvalificerande t\u00e4vlingarna och p\u00e5 finalt\u00e4vlingen p\u00e5 Tierp Arena (d\u00e4r enbart f\u00f6rkvalificerade f\u00f6rare kan deltaga). Anm\u00e4lan till t\u00e4vlingarna g\u00f6rs via <a href=\"http:\/\/www.dragracing.eu\">www.dragracing.eu<\/a><\/li>\n<li>Banor som deltar med mer \u00e4n en t\u00e4vling i EDRS f\u00f6r Pro ET och\/eller Super Pro ET, har r\u00e4tt anv\u00e4nda flera t\u00e4vlingar f\u00f6r att utse en ban-champion, som f\u00e5r r\u00e4tt att delta i finalt\u00e4vlingen p\u00e5 Tierp Arena. Se t\u00e4vlingskalendern p\u00e5 sista sidan, f\u00f6r vad som g\u00e4ller f\u00f6r resp. bana.<\/li>\n<li>F\u00f6rare som deltar I klassen Pro ET eller Super Pro ET, p\u00e5 n\u00e5gon av de Summit Racing EDRS Series t\u00e4vlingarna, som ing\u00e5r som kvalt\u00e4vlingar, deltar automatiskt i Summit Racing Pro ET Super Series. Ingen extra registrering beh\u00f6vs.<\/li>\n<li>Alla deltagare i kvalt\u00e4vlingarna, s\u00e5v\u00e4l som p\u00e5 finalt\u00e4vlingen, m\u00e5ste ha Summit Racing Pro ET Super Series-dekalen p\u00e5 var sida av bilen, v\u00e4l synlig.<\/li>\n<\/ul>\n<p><strong><span style=\"color: #0000ff;\">DELTAGANDE BANOR \u00a02018:<\/span><br \/>\n<\/strong>FINAL: Tierp Arena, SWE August 23-26<sup>th<\/sup><br \/>\nKVALIFICERANDE BANOR OCH T\u00c4VLINGS-DATUM:\u00a0 Se sista sidan i detta dokument!<\/p>\n<p><strong><span style=\"color: #0000ff;\">FINALT\u00c4VLING \u00a0P\u00c5 TIERP ARENA I AUGUSTI: <\/span><br \/>\nFinal shootout-t\u00e4vlingen h\u00e5lls p\u00e5 Tierp Arena den 23-26 augusti, 2018. <\/strong>Bara vinnare fr\u00e5n de lokala t\u00e4vlingarna \u00e4r kvalificerade f\u00f6r att delta i Summit Racing Pro ET\/Super Pro ET Super Series-finalen ! \u00a0 Denna kvalificering \u00e4r personlig och kan INTE \u00f6verl\u00e5tas p\u00e5 n\u00e5gon annan f\u00f6rare. Om n\u00e5gon f\u00f6rare av n\u00e5gon anledning inte anm\u00e4ler sig eller inte kan delta, s\u00e5 kan hon\/han inte ers\u00e4ttas av n\u00e5gon annan. Finalen blir en all-in sportsmanstege som kommer att k\u00f6ras \u00f6ver distansen 402,33 m. Kvalificeringen kommer att best\u00e4mma elimineringsstegens utseende. Om arrang\u00f6ren av n\u00e5gon anledning skulle beh\u00f6va begr\u00e4nsa elimineringsstegens storlek, s\u00e5 kommer den att baseras p\u00e5 kvallistan. Om det t.ex. , beroende p\u00e5 regn inte skulle bli n\u00e5gon kvalificeringsomg\u00e5ng f\u00f6re elimineringen, s\u00e5 lottas elimineringsstegen av n\u00e5gon av Summit Racing\/Speedgroup utsedd person, tillsammans med en representant fr\u00e5n t\u00e4vlingsledningen och med alla t\u00e4vlande i klassen n\u00e4rvarande.<\/p>\n<p>T\u00e4vlingens tidsschema best\u00e4ms av t\u00e4vlingens arrang\u00f6r och publiceras normalt sett innan t\u00e4vlingen inleds. Tidsschemat kan n\u00e4rsomhelst \u00e4ndras av t\u00e4vlingsledningen utan f\u00f6rvarning, b\u00e5de vad det g\u00e4ller k\u00f6rordning eller antalet kvalificeringsomg\u00e5ngar. De t\u00e4vlande kommer att informeras om ev. f\u00f6r\u00e4ndringar , normalt genom klassv\u00e4rdarna.<br \/>\nInga po\u00e4ng fr\u00e5n finalt\u00e4vlingen kommer att delas ut I Summit Racing EDRS Series, d\u00e5 eventet enbart \u00e4r \u00f6ppet f\u00f6r de som \u00e4r f\u00f6rkvalificerade.<\/p>\n<p><strong><span style=\"color: #0000ff;\">MASKINERS\u00c4TTNINGAR FINAL EVENT TIERP ARENA:<\/span><\/strong><\/p>\n<p><strong><span style=\"color: #0000ff;\">Vinnare: $4000<\/span><\/strong><br \/>\n<span style=\"color: #0000ff;\"><strong> Runner-Up: $2000<\/strong><\/span><br \/>\n<span style=\"color: #0000ff;\"><strong> Semifinal f\u00f6rlorare: $1000\/var<\/strong><\/span><br \/>\n<span style=\"color: #0000ff;\"><strong> Kvartsfinal f\u00f6rlorare: $500\/var<\/strong><\/span><\/p>\n<p>Dessutom delar Summit Racing ut prischeckar p\u00e5 vardera $250 till alla \u00f6vriga, inkvalade deltagare. De delas ut p\u00e5 plats under finaldagen och kan anv\u00e4ndas i Summit Racings webshop omg\u00e5ende.<\/p>\n<p>Maskiners\u00e4ttningarna t.o.m. kvartsfinalf\u00f6rlorarna kommer att betalas ut via bank\u00f6verf\u00f6ring inom 7 dagar efter finalt\u00e4vlingen och efter att f\u00f6raren har fyllt i och \u00e5terl\u00e4mnat en blankett, tillhandah\u00e5lld av Speedgroup. V\u00e4xelkursen mellan US $ och\u00a0 resp. valuta i vars land mottagaren bor, \u00e4r best\u00e4md i f\u00f6rv\u00e4g.<\/p>\n<p><span style=\"color: #0000ff;\"><strong>KVALT\u00c4VLINGAR SUMMIT RACING PRO ET\/SUPER PRO ET SUPER SERIES:<\/strong><\/span><\/p>\n<p>Kvalt\u00e4vlingarna anv\u00e4nds f\u00f6r att utse \u201cTrack- Champinions\u201d, som har r\u00e4tt att delta i finalt\u00e4vlingen p\u00e5 Tierp Arena. De flesta banorna utser sin \u201dChampion\u201d p\u00e5 ett enda event, medan n\u00e5gra k\u00f6r en serie om tv\u00e5 eller tre t\u00e4vlingar f\u00f6r att kora sin vinnare.<\/p>\n<p>Om n\u00e5gon redan kvalificerad f\u00f6rare vinner, s\u00e5 ger det inga extra f\u00f6rdelar f\u00f6r deltagandet i Summit Racing Pro ET\/Super Pro ET Super Series-finalen. Dessa kvalificerande t\u00e4vlingar \u00e4r ocks\u00e5 en del av Summit Racing EDRS Series f\u00f6r Pro ET\/Super Pro ET. Alla f\u00f6rare f\u00e5r po\u00e4ng fr\u00e5n dessa t\u00e4vlingar i po\u00e4ngtabellerna f\u00f6r Summit Racing EDRS Series Div. North resp. Central (Pro ET) och EDRS Super Pro ET.<\/p>\n<p><span style=\"color: #0000ff;\"><strong>BAN-CHAMPIONS P\u00c5 BANOR MED MER \u00c4N EN T\u00c4VLING:<\/strong><\/span><strong><span style=\"color: #0000ff;\"> \u00a0<\/span><br \/>\n<\/strong>F\u00f6r att utse en ban-champion p\u00e5 banor med mer \u00e4n en deltagande t\u00e4vling i EDRS, r\u00e4knas po\u00e4ngen ihop fr\u00e5n flera t\u00e4vlingar p\u00e5 den banan och den som har f\u00e5tt flest po\u00e4ng totalt blir den banans champion. Dessa po\u00e4ng \u00e4r identiska med de po\u00e4ng man f\u00e5r sig tillgodor\u00e4knat i EDRS-serien. F\u00f6r information om po\u00e4ngber\u00e4kningen, v.v. se i Summit Racing EDRS Series Guidelines, punkt 6 <em><a href=\"http:\/\/www.dragracingeurope.eu\/edrs\">www.dragracingeurope.eu\/edrs<\/a> . F\u00f6r s\u00e4rskiljning av t\u00e4vlande (tie-break method) se punkt 9.<\/em><\/p>\n<p><span style=\"color: #0000ff;\"><strong>MASKINERS\u00c4TTNINGAR P\u00c5 KVALIFICERINGST\u00c4VLINGARNA:<\/strong> <\/span><br \/>\nMaskiners\u00e4ttningarna betalas ut enl. publicerat i Guidelines-dokumentet f\u00f6r Summit Racing EDRS Series som finns p\u00e5 \u00a0<a href=\"http:\/\/www.dragracingeurope.eu\/edrs\">www.dragracingeurope.eu\/edrs<\/a> .F\u00f6r att kunna g\u00f6ra sig till godo utbetalning av maskiners\u00e4ttningar, s\u00e5 m\u00e5ste f\u00f6raren ha registrerat sig i EDRS Drivers Club p\u00e5 <a href=\"http:\/\/www.dragracing.eu\">www.dragracing.eu<\/a>\u00a0 senast n\u00e4r ordinarie anm\u00e4lningstiden g\u00e5r ut f\u00f6r den f\u00f6rsta t\u00e4vling man vill g\u00f6ra anspr\u00e5k p\u00e5 maskiners\u00e4ttningen p\u00e5. L\u00c4S igenom Guidelines f\u00f6r mera information!<\/p>\n<p><span style=\"color: #0000ff;\"><strong>KLASSREGLER:<\/strong> <\/span>Klassreglerna f\u00f6r Pro ET och Super Pro ET finns p\u00e5 <a href=\"http:\/\/www.dragracingeurope.eu\/edrs\">www.dragracingeurope.eu\/edrs<\/a><\/p>\n<p><span style=\"color: #0000ff;\"><strong>KONTAKT-PERSONER SUMMIT RACING PRO ET OCH SUPER PRO ET SUPER SERIES:<\/strong> <\/span><br \/>\nKlass kontakt Pro ET och Super Pro ET: Carl-Erik Kihlman <a href=\"mailto:carl-erik.kihlman@speedgroup.eu\">carl-erik.kihlman@speedgroup.eu<\/a> tel. +46(0)703102601<\/p>\n<p>Kontakt Speedgroup allm\u00e4nt : VD \u00c5sa Kinnemar <a href=\"mailto:asa.kinnemar@speedgroup.eu\">asa.kinnemar@speedgroup.eu<\/a> tel. +46(0)705315332<\/p>\n<p><strong><em>V\u00c4LKOMNA ATT DELTA I\u00a0 SUMMIT RACING SUPER SERIES 2018! <\/em><\/strong><\/p>\n<p><strong><span style=\"color: #0000ff;\">DELTAGANDE BANOR &amp; SUPER SERIES T\u00c4VLINGSKALENDER:<\/span><br \/>\n<\/strong><br \/>\n<strong>Summit Racing <\/strong><span style=\"color: #ff0000;\"><strong>Pro ET<\/strong><\/span><strong> Super Series 2018:<br \/>\n<a href=\"http:\/\/www.dragracingeurope.eu\/edrs\/wp-content\/uploads\/sites\/4\/2018\/02\/Pro-ET-Super-Series-logo-1.jpg\"><img decoding=\"async\" class=\"wp-image-4778 alignleft\" src=\"http:\/\/www.dragracingeurope.eu\/edrs\/wp-content\/uploads\/sites\/4\/2018\/02\/Pro-ET-Super-Series-logo-1.jpg\" alt=\"\" width=\"359\" height=\"103\" srcset=\"https:\/\/www.dragracingeurope.eu\/edrs\/wp-content\/uploads\/sites\/4\/2018\/02\/Pro-ET-Super-Series-logo-1.jpg 1011w, https:\/\/www.dragracingeurope.eu\/edrs\/wp-content\/uploads\/sites\/4\/2018\/02\/Pro-ET-Super-Series-logo-1-300x86.jpg 300w, https:\/\/www.dragracingeurope.eu\/edrs\/wp-content\/uploads\/sites\/4\/2018\/02\/Pro-ET-Super-Series-logo-1-768x220.jpg 768w\" sizes=\"(max-width: 359px) 100vw, 359px\" \/><\/a><br \/>\n<\/strong><\/p>\n<p>&nbsp;<\/p>\n<p>&nbsp;<\/p>\n<p><strong>Banor d\u00e4r <span style=\"color: #ff0000;\">Pro ET<\/span> TRACK CHAMPION kommer att utses <u>p\u00e5 ett enda event<\/u>:<br \/>\n<\/strong><\/p>\n<p>V\u00e5rg\u00e5rda, SWE: May 11-12<br \/>\nMotopark, FIN: May 18-20<br \/>\nMalm\u00f6, SWE: May 19-20<br \/>\n<span style=\"color: #ff0000;\"><em><span style=\"text-decoration: line-through;\">Thunder Valle, NOR: June 1-3 <\/span><\/em><em>inst\u00e4lld (feb 2018)<\/em><\/span><em><span style=\"color: #ff0000;\"> \u00a0 \u00a0<\/span><br \/>\n<\/em>Pite\u00e5, SWE: July 6-8<br \/>\nHaapsalu, EST: July 7-8<br \/>\n<span style=\"color: #ff0000;\"><del><em>Hagfors, SWE: July 7-8<\/em><\/del><em>\u00a0 inst\u00e4lld (9 maj 2018)<\/em><\/span><br \/>\nF\u00e4llfors, SWE: July 14-15<br \/>\nMantorp, SWE: July 27-29<br \/>\nKauhava, FIN: August 11-12<br \/>\nLindesberg, SWE: August 18-19<\/p>\n<p><strong>Banor d\u00e4r <span style=\"color: #ff0000;\">Pro ET<\/span> TRACK CHAMPION kommer att utses <u>efter tv\u00e5 t\u00e4vlingar eller fler<\/u>:<br \/>\n<\/strong>Tallhed, SWE (3 t\u00e4vlingar):\u00a0\u00a0\u00a0 May 19-20, June 22-24 och August 4-5<br \/>\nGardermoen, NOR (2 t\u00e4vlingar): May 19-21 and July 26-29<br \/>\nSundsvall, SWE (2 t\u00e4vlingar):\u00a0 June 29-July 1 och August 10-12<\/p>\n<p><strong><br \/>\n<\/strong><strong>Summit Racing <\/strong><span style=\"color: #0000ff;\"><strong>Super Pro ET <\/strong><\/span><strong>Super Series 2018:<\/strong><\/p>\n<p><a href=\"http:\/\/www.dragracingeurope.eu\/edrs\/wp-content\/uploads\/sites\/4\/2018\/02\/Super-Pro-ET-Super-Series-logo.jpg\"><img decoding=\"async\" class=\" wp-image-4775 alignleft\" src=\"http:\/\/www.dragracingeurope.eu\/edrs\/wp-content\/uploads\/sites\/4\/2018\/02\/Super-Pro-ET-Super-Series-logo.jpg\" alt=\"\" width=\"358\" height=\"107\" srcset=\"https:\/\/www.dragracingeurope.eu\/edrs\/wp-content\/uploads\/sites\/4\/2018\/02\/Super-Pro-ET-Super-Series-logo.jpg 1014w, https:\/\/www.dragracingeurope.eu\/edrs\/wp-content\/uploads\/sites\/4\/2018\/02\/Super-Pro-ET-Super-Series-logo-300x90.jpg 300w, https:\/\/www.dragracingeurope.eu\/edrs\/wp-content\/uploads\/sites\/4\/2018\/02\/Super-Pro-ET-Super-Series-logo-768x229.jpg 768w\" sizes=\"(max-width: 358px) 100vw, 358px\" \/><\/a><\/p>\n<p>&nbsp;<\/p>\n<p>&nbsp;<\/p>\n<p>&nbsp;<\/p>\n<p>&nbsp;<\/p>\n<p><strong>Banor d\u00e4r <span style=\"color: #0000ff;\">Super Pro ET<\/span> TRACK CHAMPION kommer att utses <u>p\u00e5 ett enda event<\/u>:<br \/>\n<\/strong>V\u00e5rg\u00e5rda, SWE: May 11-12<br \/>\nMalm\u00f6, SWE: May 19-20<br \/>\n<span style=\"color: #ff0000;\"><em><span style=\"text-decoration: line-through;\">Thunder Valle, NOR: June 1-3\u00a0 \u00a0<\/span><\/em><em>inst\u00e4lld<span style=\"text-decoration: line-through;\">\u00a0\u00a0\u00a0\u00a0 <\/span><\/em><\/span><em><span style=\"color: #ff0000;\">\u00a0\u00a0\u00a0\u00a0<\/span><br \/>\n<\/em>Pite\u00e5, SWE: July 6-8<br \/>\n<span style=\"color: #ff0000;\"><del><em>Hagfors, SWE: July 7-8<\/em><\/del><em>\u00a0 inst\u00e4lld (9 maj 2018)<\/em><\/span><br \/>\nF\u00e4llfors, SWE: July 14-15<br \/>\nLindesberg, SWE: August 18-19<\/p>\n<p><strong>Banor d\u00e4r <span style=\"color: #0000ff;\">Super Pro ET<\/span> TRACK CHAMPION kommer att utses efter tv\u00e5 t\u00e4vlingar eller fler:<br \/>\n<\/strong>Tallhed, SWE (3 t\u00e4vlingar): May 19-20, June 22-24 och August 4-5<br \/>\nGardermoen, NOR (2 t\u00e4vlingar): May 19-21 och July 26-29<br \/>\nSundsvall, SWE (2 t\u00e4vlingar):\u00a0 June 29-July 1 och August 10-12<\/p>\n","protected":false},"excerpt":{"rendered":"<p>&nbsp; &nbsp; &nbsp; (OBS! Detta \u00e4r en \u00f6vers\u00e4ttning av originaldokumentet som \u00e4r p\u00e5 engelska. Vid ev. mots\u00e4gande uppgifter, s\u00e5 har den engelska versionen tolkningsf\u00f6retr\u00e4de.) Med den etablerade Summit Racing EDRS Series som bas, introducerar Summit Racing och Speedgroup ett nytt \u00a0\u201cserie i serien\u201d-koncept f\u00f6r bilklasserna Pro ET och Super Pro ET 2108. Kvalificerings-t\u00e4vlingar k\u00f6rs under [&hellip;]<\/p>\n","protected":false},"author":4,"featured_media":0,"parent":0,"menu_order":0,"comment_status":"closed","ping_status":"closed","template":"","meta":{"footnotes":""},"_links":{"self":[{"href":"https:\/\/www.dragracingeurope.eu\/edrs\/wp-json\/wp\/v2\/pages\/4818"}],"collection":[{"href":"https:\/\/www.dragracingeurope.eu\/edrs\/wp-json\/wp\/v2\/pages"}],"about":[{"href":"https:\/\/www.dragracingeurope.eu\/edrs\/wp-json\/wp\/v2\/types\/page"}],"author":[{"embeddable":true,"href":"https:\/\/www.dragracingeurope.eu\/edrs\/wp-json\/wp\/v2\/users\/4"}],"replies":[{"embeddable":true,"href":"https:\/\/www.dragracingeurope.eu\/edrs\/wp-json\/wp\/v2\/comments?post=4818"}],"version-history":[{"count":22,"href":"https:\/\/www.dragracingeurope.eu\/edrs\/wp-json\/wp\/v2\/pages\/4818\/revisions"}],"predecessor-version":[{"id":5159,"href":"https:\/\/www.dragracingeurope.eu\/edrs\/wp-json\/wp\/v2\/pages\/4818\/revisions\/5159"}],"wp:attachment":[{"href":"https:\/\/www.dragracingeurope.eu\/edrs\/wp-json\/wp\/v2\/media?parent=4818"}],"curies":[{"name":"wp","href":"https:\/\/api.w.org\/{rel}","templated":true}]}}