{"id":13042,"date":"2025-05-13T13:22:59","date_gmt":"2025-05-13T12:22:59","guid":{"rendered":"https:\/\/www.dragracingeurope.eu\/edrs\/?page_id=13042"},"modified":"2025-06-18T15:44:41","modified_gmt":"2025-06-18T14:44:41","slug":"gallery-2025-for-edrs-series","status":"publish","type":"page","link":"https:\/\/www.dragracingeurope.eu\/edrs\/gallery-2025-for-edrs-series\/","title":{"rendered":"Gallery 2025 for EDRS Series"},"content":{"rendered":"\n<p>Click the links if you would like to see photos from each event!<\/p>\n\n\n\n<p><strong>Date Track\/venue Country<\/strong><br><a href=\"https:\/\/www.dragracingeurope.eu\/edrs\/speedevents-spring-nationals-may-10-11-tierp-arena\/\" data-type=\"page\" data-id=\"13023\">10-11 May Tierp Arena SE<\/a><br><a href=\"https:\/\/www.dragracingeurope.eu\/edrs\/hudiksvall-23-25-may-2025\/\" data-type=\"page\" data-id=\"13095\">23-25 May Hudiksvall SE<\/a><br>24-25 May Motopark FI<br><s>30-31 May V\u00e5rg\u00e5rda SE<\/s><em> Cancelled event<\/em><br><a href=\"https:\/\/www.dragracingeurope.eu\/edrs\/gardermoen-6-8-june-2025\/\" data-type=\"page\" data-id=\"13099\">6-8 June Gardermoen NO<\/a><br><a href=\"https:\/\/www.dragracingeurope.eu\/edrs\/tierp-area-speedevents-internationals-12-15-june-2025\/\" data-type=\"page\" data-id=\"13101\">12-15 June Tierp Arena SE<\/a><br><a href=\"https:\/\/www.dragracingeurope.eu\/edrs\/tallhed-20-22-june-2025\/\" data-type=\"page\" data-id=\"13119\">20-22 June Tallhed SE<\/a><br><a href=\"https:\/\/www.dragracingeurope.eu\/edrs\/pitea-28-29-juni-2025\/\" data-type=\"page\" data-id=\"13121\">28-29 June Pite\u00e5 SE<\/a><br><a href=\"https:\/\/www.dragracingeurope.eu\/edrs\/haapsalu-27-29-june-2025\/\" data-type=\"page\" data-id=\"13123\">27-29 June Haapsalu EE<\/a><br><a href=\"https:\/\/www.dragracingeurope.eu\/edrs\/kauhava-finland-27-29-june-2025\/\" data-type=\"page\" data-id=\"13125\">27-29 June Kauhava FI<\/a><br><a href=\"https:\/\/www.dragracingeurope.eu\/edrs\/pitea-4-5-july-2025\/\" data-type=\"page\" data-id=\"13129\">4-5 July Pite\u00e5 SE<\/a><br><a href=\"https:\/\/www.dragracingeurope.eu\/edrs\/sundsvall-11-13-july-2025\/\" data-type=\"page\" data-id=\"13131\">11-13 July Sundsvall SE<\/a><br><a href=\"https:\/\/www.dragracingeurope.eu\/edrs\/gardermoen-norway-1-3-aug-2025\/\" data-type=\"page\" data-id=\"13133\">1-3 Aug Gardermoen NO<\/a><br><a href=\"https:\/\/www.dragracingeurope.eu\/edrs\/kalajoki-finland-2-3-aug-2025\/\" data-type=\"page\" data-id=\"13135\">2-3 Aug Kalajoki FI<\/a><br><a href=\"https:\/\/www.dragracingeurope.eu\/edrs\/summit-internationals-tierp-arena-7-10-aug-2025\/\" data-type=\"page\" data-id=\"13137\">7-10 Aug Tierp Arena SE<\/a><br><a href=\"https:\/\/www.dragracingeurope.eu\/edrs\/sundsvall-22-24-aug-2025\/\" data-type=\"page\" data-id=\"13139\">22-24 Aug Sundsvall SE<\/a><br><a href=\"https:\/\/www.dragracingeurope.eu\/edrs\/mosten-denmark-28-31-aug-2025\/\" data-type=\"page\" data-id=\"13141\">28-31 Aug Mosten DK<\/a><br><a href=\"https:\/\/www.dragracingeurope.eu\/edrs\/gardermoen-norway-5-7-sept-2025\/\" data-type=\"page\" data-id=\"13143\">5-7 Sep Gardermoen NO<\/a><br><a href=\"https:\/\/www.dragracingeurope.eu\/edrs\/motopark-finland-6-7-sept-2025\/\" data-type=\"page\" data-id=\"13145\">6-7 Sep Motopark FI<\/a><\/p>\n","protected":false},"excerpt":{"rendered":"<p>Click the links if you would like to see photos from each event! Date Track\/venue Country10-11 May Tierp Arena SE23-25 May Hudiksvall SE24-25 May Motopark FI30-31 May V\u00e5rg\u00e5rda SE Cancelled event6-8 June Gardermoen NO12-15 June Tierp Arena SE20-22 June Tallhed SE28-29 June Pite\u00e5 SE27-29 June Haapsalu EE27-29 June Kauhava FI4-5 July Pite\u00e5 SE11-13 July Sundsvall [&hellip;]<\/p>\n","protected":false},"author":17,"featured_media":0,"parent":0,"menu_order":0,"comment_status":"closed","ping_status":"closed","template":"","meta":{"footnotes":""},"_links":{"self":[{"href":"https:\/\/www.dragracingeurope.eu\/edrs\/wp-json\/wp\/v2\/pages\/13042"}],"collection":[{"href":"https:\/\/www.dragracingeurope.eu\/edrs\/wp-json\/wp\/v2\/pages"}],"about":[{"href":"https:\/\/www.dragracingeurope.eu\/edrs\/wp-json\/wp\/v2\/types\/page"}],"author":[{"embeddable":true,"href":"https:\/\/www.dragracingeurope.eu\/edrs\/wp-json\/wp\/v2\/users\/17"}],"replies":[{"embeddable":true,"href":"https:\/\/www.dragracingeurope.eu\/edrs\/wp-json\/wp\/v2\/comments?post=13042"}],"version-history":[{"count":6,"href":"https:\/\/www.dragracingeurope.eu\/edrs\/wp-json\/wp\/v2\/pages\/13042\/revisions"}],"predecessor-version":[{"id":13228,"href":"https:\/\/www.dragracingeurope.eu\/edrs\/wp-json\/wp\/v2\/pages\/13042\/revisions\/13228"}],"wp:attachment":[{"href":"https:\/\/www.dragracingeurope.eu\/edrs\/wp-json\/wp\/v2\/media?parent=13042"}],"curies":[{"name":"wp","href":"https:\/\/api.w.org\/{rel}","templated":true}]}}