{"id":10026,"date":"2021-11-19T13:26:50","date_gmt":"2021-11-19T12:26:50","guid":{"rendered":"https:\/\/www.dragracingeurope.eu\/edrs\/?page_id=10026"},"modified":"2022-11-28T23:35:19","modified_gmt":"2022-11-28T22:35:19","slug":"gallery-2022","status":"publish","type":"page","link":"https:\/\/www.dragracingeurope.eu\/edrs\/gallery-2022\/","title":{"rendered":"GALLERY 2022"},"content":{"rendered":"\n<p><a href=\"https:\/\/www.dragracingeurope.eu\/edrs\/2022-summit-racing-edrs-series-banquet\/\" data-type=\"page\" data-id=\"11348\">Summit Racing EDRS Series Banquet 2022<\/a><\/p>\n\n\n\n<p><a href=\"https:\/\/www.dragracingeurope.eu\/edrs\/10295-2\/\" data-type=\"page\" data-id=\"10295\">20-22 May Gardermoen N &#8211; <\/a><br>2<a href=\"https:\/\/www.dragracingeurope.eu\/edrs\/27-29-may-kauhava-2022\/\" data-type=\"page\" data-id=\"10345\">7-29 May Kauhava FIN &#8211; <\/a><br><a href=\"https:\/\/www.dragracingeurope.eu\/edrs\/10335-2\/\" data-type=\"page\" data-id=\"10335\">27-29 May V\u00e5rg\u00e5rda S<\/a><\/p>\n\n\n\n<p><a href=\"https:\/\/www.dragracingeurope.eu\/edrs\/tierp-arena-16-19-june_2022\/\" data-type=\"page\" data-id=\"10467\">16-19 June Tierp Arena S<\/a><br><a href=\"https:\/\/www.dragracingeurope.eu\/edrs\/tallhed-24-26-june-2022\/\" data-type=\"page\" data-id=\"10472\">24-26 June Tallhed S<\/a><br>30 June-3 July Kauhava FIN<br>9-10 July Haapsalu EST<br><a href=\"https:\/\/www.dragracingeurope.eu\/edrs\/8-10-july-pitea-2022\/\">8-10 July Pite\u00e5 S<\/a><br><a href=\"https:\/\/www.dragracingeurope.eu\/edrs\/22-24-july-sundsvall-2022\/\">22-24 July Sundsvall S<\/a><br><a href=\"https:\/\/www.dragracingeurope.eu\/edrs\/gardermoen-august-2022\/\" data-type=\"page\" data-id=\"10889\">4-7 August Gardermoen N<\/a><br><a href=\"https:\/\/www.dragracingeurope.eu\/edrs\/tierp-arena-august-2022\/\" data-type=\"page\" data-id=\"10882\">11-14 August Tierp Arena S<\/a><br>19-21 August Motopark FIN<br>26-28 August Sundsvall S<br>27-28 August Haapsalu EST<br>2-3 September Mosten DK<br><a href=\"https:\/\/www.dragracingeurope.eu\/edrs\/gardermoen-finals-2022\/\" data-type=\"page\" data-id=\"11168\">9-11 September Gardermoen N<\/a><br>9-11 September Kauhava FIN<\/p>\n","protected":false},"excerpt":{"rendered":"<p>Summit Racing EDRS Series Banquet 2022 20-22 May Gardermoen N &#8211; 27-29 May Kauhava FIN &#8211; 27-29 May V\u00e5rg\u00e5rda S 16-19 June Tierp Arena S24-26 June Tallhed S30 June-3 July Kauhava FIN9-10 July Haapsalu EST8-10 July Pite\u00e5 S22-24 July Sundsvall S4-7 August Gardermoen N11-14 August Tierp Arena S19-21 August Motopark FIN26-28 August Sundsvall S27-28 August [&hellip;]<\/p>\n","protected":false},"author":11,"featured_media":0,"parent":0,"menu_order":0,"comment_status":"closed","ping_status":"closed","template":"","meta":{"footnotes":""},"_links":{"self":[{"href":"https:\/\/www.dragracingeurope.eu\/edrs\/wp-json\/wp\/v2\/pages\/10026"}],"collection":[{"href":"https:\/\/www.dragracingeurope.eu\/edrs\/wp-json\/wp\/v2\/pages"}],"about":[{"href":"https:\/\/www.dragracingeurope.eu\/edrs\/wp-json\/wp\/v2\/types\/page"}],"author":[{"embeddable":true,"href":"https:\/\/www.dragracingeurope.eu\/edrs\/wp-json\/wp\/v2\/users\/11"}],"replies":[{"embeddable":true,"href":"https:\/\/www.dragracingeurope.eu\/edrs\/wp-json\/wp\/v2\/comments?post=10026"}],"version-history":[{"count":27,"href":"https:\/\/www.dragracingeurope.eu\/edrs\/wp-json\/wp\/v2\/pages\/10026\/revisions"}],"predecessor-version":[{"id":11350,"href":"https:\/\/www.dragracingeurope.eu\/edrs\/wp-json\/wp\/v2\/pages\/10026\/revisions\/11350"}],"wp:attachment":[{"href":"https:\/\/www.dragracingeurope.eu\/edrs\/wp-json\/wp\/v2\/media?parent=10026"}],"curies":[{"name":"wp","href":"https:\/\/api.w.org\/{rel}","templated":true}]}}